{"id":9509,"date":"2022-07-25T21:06:23","date_gmt":"2022-07-26T00:06:23","guid":{"rendered":"https:\/\/infowork.com.ar\/eshop\/?post_type=product&#038;p=9509"},"modified":"2023-07-01T12:28:10","modified_gmt":"2023-07-01T15:28:10","slug":"all-in-one-lenovo-ic-3-22ada05-a3020e","status":"publish","type":"product","link":"https:\/\/infowork.com.ar\/eshop\/producto\/all-in-one-lenovo-ic-3-22ada05-a3020e\/","title":{"rendered":"All In One Lenovo IC 3 22ADA05 A3020E"},"content":{"rendered":"<h1 class=\"desktopHeader\">IdeaCentre 3i AIO (21.5&#8243;, Intel)<\/h1>\n<div class=\"hero-column hero-column-two single_img\">\n<div class=\"gallery-image-slider-container\">\n<div class=\"mediaGallery slick-dots-wrapper\"><\/div>\n<\/div>\n<\/div>\n<div class=\"hero-column hero-column-one\">\n<div class=\"hero-productDescription mediaGallery-productDescription\">\n<h3 class=\"heroSubHeader\">Dise\u00f1ada para impresionar y rendir<\/h3>\n<div class=\"hero-productDescription-body mediaGallery-productDescription-body\">\n<ul>\n<li>All in one de 21.5\u201d y procesamiento Intel de hasta la 10ma generaci\u00f3n<\/li>\n<li>Compacta, ideal para ahorrar espacio<\/li>\n<li>Pantalla t\u00e1ctil y tarjeta gr\u00e1fica independiente opcionales<\/li>\n<li>Grandes opciones de almacenamiento y memoria<\/li>\n<li>El teclado y mouse pueden variar; unidad \u00f3ptica y algunos puertos ranuras pueden ser opcionales; colores sujetos a disponibilidad.<\/li>\n<\/ul>\n<h2 class=\"tabbedBrowse-features-featureHeading\">Elegancia y estilo absoluto<\/h2>\n<div class=\"tabbedBrowse-features-featureText\">\n<p>Ya sea para trabajar, para la diversi\u00f3n o para los chats en video con tus familiares, la atractiva all in one IdeaCentre 3i quedar\u00e1 perfecta en cualquier habitaci\u00f3n. Y con su elegante soporte y base, con este equipo todo en uno de 21.5&#8243; ahorrar\u00e1s un mont\u00f3n de espacio.<\/p>\n<\/div>\n<h2 class=\"tabbedBrowse-features-featureHeading\">Facilita las cargas de trabajo pesadas<\/h2>\n<div class=\"tabbedBrowse-features-featureText\">\n<p>La IdeaCentre AIO 3i funciona a la perfecci\u00f3n, no importa qu\u00e9 tarea est\u00e9s ejecutando. Equipada con procesadores hasta Intel\u00ae Core&#x2122; i5 de 10ma generaci\u00f3n y una unidad de estado s\u00f3lido opcional, todo es r\u00e1pido y fluye sin problemas*. Tambi\u00e9n podr\u00e1s a\u00f1adir tarjetas gr\u00e1ficas independientes y 1 TB de espacio en disco<\/p>\n<\/div>\n<\/div>\n<\/div>\n<\/div>\n<h2 class=\"tabbedBrowse-features-featureHeading\">Todo cobrar\u00e1 vida<\/h2>\n<div class=\"tabbedBrowse-features-featureText\">\n<p>Su marco estrecho y su pantalla FHD de 54,6 cm (21,5&#8243;) se combinan para ofrecer una experiencia visual excepcional. Adem\u00e1s, la IdeaCentre AIO 3i puede verse desde \u00e1ngulos amplios, perfecta para ver o compartir en familia.<\/p>\n<\/div>\n<h2 class=\"tabbedBrowse-features-featureHeading\">Una experiencia f\u00e1cil y divertida<\/h2>\n<div class=\"tabbedBrowse-features-featureText\">\n<p>Si eliges la pantalla t\u00e1ctil opcional (no disponible en todos los modelos), t\u00fa y t\u00fa familia podr\u00e1n usar la IdeaCentre AIO 3i de forma m\u00e1s intuitiva. Haz clic o arrastra archivos directamente en la pantalla, por ejemplo. Los ni\u00f1os se divertir\u00e1n m\u00e1s abriendo aplicaciones y navegando por la pantalla.<\/p>\n<h2 class=\"tabbedBrowse-features-featureHeading\">Dile adi\u00f3s al desorden<\/h2>\n<div class=\"tabbedBrowse-features-featureText\">\n<p>Cuando se conectan discos para copias de seguridad u otros dispositivos a una PC, las cosas pueden verse muy desordenadas. Eso no pasa con la IdeaCentre AIO 3i. Dispone de un pr\u00e1ctico colector de cables integrado en el soporte que te permite tener el escritorio m\u00e1s organizado y ordenado.<\/p>\n<\/div>\n<h2 class=\"tabbedBrowse-features-featureHeading\">Dale la bienvenida a una buena conexi\u00f3n<\/h2>\n<div class=\"tabbedBrowse-features-featureText\">\n<p>La IdeaCentre AIO 3i cuenta con muchos puertos para tus otros elementos inform\u00e1ticos esenciales, como un teclado para videojuegos o una barra de sonido (accesorios no incluidos). Adem\u00e1s de puertos USB 3.0 y 2.0, cuenta con un lector de tarjetas 3 en 1 y una salida HDMI, por si necesitas usar una segunda pantalla.<\/p>\n<\/div>\n<\/div>\n","protected":false},"excerpt":{"rendered":"<p>Lenovo IC 3 22ADA05 A3020E<\/p>\n<p>SSD 256 &#8211; 1TB<\/p>\n<p>8GB RAM<\/p>\n<p>pantalla 21,5<\/p>\n","protected":false},"featured_media":0,"template":"","meta":{"site-sidebar-layout":"default","site-content-layout":"default","ast-site-content-layout":"default","site-content-style":"default","site-sidebar-style":"default","ast-global-header-display":"","ast-banner-title-visibility":"","ast-main-header-display":"","ast-hfb-above-header-display":"","ast-hfb-below-header-display":"","ast-hfb-mobile-header-display":"","site-post-title":"","ast-breadcrumbs-content":"","ast-featured-img":"","footer-sml-layout":"","ast-disable-related-posts":"","theme-transparent-header-meta":"default","adv-header-id-meta":"","stick-header-meta":"","header-above-stick-meta":"","header-main-stick-meta":"","header-below-stick-meta":"","astra-migrate-meta-layouts":"default","ast-page-background-enabled":"default","ast-page-background-meta":{"desktop":{"background-color":"var(--ast-global-color-4)","background-image":"","background-repeat":"repeat","background-position":"center center","background-size":"auto","background-attachment":"scroll","background-type":"","background-media":"","overlay-type":"","overlay-color":"","overlay-opacity":"","overlay-gradient":""},"tablet":{"background-color":"","background-image":"","background-repeat":"repeat","background-position":"center center","background-size":"auto","background-attachment":"scroll","background-type":"","background-media":"","overlay-type":"","overlay-color":"","overlay-opacity":"","overlay-gradient":""},"mobile":{"background-color":"","background-image":"","background-repeat":"repeat","background-position":"center center","background-size":"auto","background-attachment":"scroll","background-type":"","background-media":"","overlay-type":"","overlay-color":"","overlay-opacity":"","overlay-gradient":""}},"ast-content-background-meta":{"desktop":{"background-color":"var(--ast-global-color-5)","background-image":"","background-repeat":"repeat","background-position":"center center","background-size":"auto","background-attachment":"scroll","background-type":"","background-media":"","overlay-type":"","overlay-color":"","overlay-opacity":"","overlay-gradient":""},"tablet":{"background-color":"var(--ast-global-color-5)","background-image":"","background-repeat":"repeat","background-position":"center center","background-size":"auto","background-attachment":"scroll","background-type":"","background-media":"","overlay-type":"","overlay-color":"","overlay-opacity":"","overlay-gradient":""},"mobile":{"background-color":"var(--ast-global-color-5)","background-image":"","background-repeat":"repeat","background-position":"center center","background-size":"auto","background-attachment":"scroll","background-type":"","background-media":"","overlay-type":"","overlay-color":"","overlay-opacity":"","overlay-gradient":""}}},"product_brand":[],"product_cat":[252,270],"product_tag":[],"class_list":{"0":"post-9509","1":"product","2":"type-product","3":"status-publish","5":"product_cat-novedades","6":"product_cat-pcs","7":"pa_disco-256ssd-1tb-hdd","8":"pa_marca-lenovo","9":"pa_memoria-8gb","10":"pa_pantalla-326","11":"desktop-align-left","12":"tablet-align-left","13":"mobile-align-left","14":"ast-product-gallery-layout-horizontal-slider","15":"ast-product-tabs-layout-horizontal","17":"first","18":"outofstock","19":"taxable","20":"shipping-taxable","21":"product-type-simple"},"yoast_head":"<!-- This site is optimized with the Yoast SEO Premium plugin v25.6 (Yoast SEO v25.7) - https:\/\/yoast.com\/wordpress\/plugins\/seo\/ -->\n<title>All In One Lenovo IC 3 22ADA05 A3020E -<\/title>\n<meta name=\"description\" content=\"IdeaCentre 3i AIO (21.5&quot;, Intel)Dise\u00f1ada para impresionar y rendirAll in one de 21.5\u201d y procesamiento Intel de hasta la 10ma generaci\u00f3n\" \/>\n<meta name=\"robots\" content=\"index, follow, max-snippet:-1, max-image-preview:large, max-video-preview:-1\" \/>\n<link rel=\"canonical\" href=\"https:\/\/infowork.com.ar\/eshop\/producto\/all-in-one-lenovo-ic-3-22ada05-a3020e\/\" \/>\n<meta property=\"og:locale\" content=\"es_ES\" \/>\n<meta property=\"og:type\" content=\"article\" \/>\n<meta property=\"og:title\" content=\"All In One Lenovo IC 3 22ADA05 A3020E\" \/>\n<meta property=\"og:description\" content=\"IdeaCentre 3i AIO (21.5&quot;, Intel)Dise\u00f1ada para impresionar y rendirAll in one de 21.5\u201d y procesamiento Intel de hasta la 10ma generaci\u00f3n\" \/>\n<meta property=\"og:url\" content=\"https:\/\/infowork.com.ar\/eshop\/producto\/all-in-one-lenovo-ic-3-22ada05-a3020e\/\" \/>\n<meta property=\"article:publisher\" content=\"https:\/\/www.facebook.com.ar\/infowork\" \/>\n<meta property=\"article:modified_time\" content=\"2023-07-01T15:28:10+00:00\" \/>\n<meta name=\"twitter:card\" content=\"summary_large_image\" \/>\n<meta name=\"twitter:site\" content=\"@infowork_arg\" \/>\n<meta name=\"twitter:label1\" content=\"Precio\" \/>\n\t<meta name=\"twitter:data1\" content=\"\" \/>\n\t<meta name=\"twitter:label2\" content=\"Disponibilidad\" \/>\n\t<meta name=\"twitter:data2\" content=\"Sin existencias\" \/>\n<script type=\"application\/ld+json\" class=\"yoast-schema-graph\">{\"@context\":\"https:\/\/schema.org\",\"@graph\":[{\"@type\":[\"WebPage\",\"ItemPage\"],\"@id\":\"https:\/\/infowork.com.ar\/eshop\/producto\/all-in-one-lenovo-ic-3-22ada05-a3020e\/\",\"url\":\"https:\/\/infowork.com.ar\/eshop\/producto\/all-in-one-lenovo-ic-3-22ada05-a3020e\/\",\"name\":\"All In One Lenovo IC 3 22ADA05 A3020E -\",\"isPartOf\":{\"@id\":\"http:\/\/infowork.com.ar\/eshop\/#website\"},\"datePublished\":\"2022-07-26T00:06:23+00:00\",\"dateModified\":\"2023-07-01T15:28:10+00:00\",\"description\":\"IdeaCentre 3i AIO (21.5\\\", Intel)Dise\u00f1ada para impresionar y rendirAll in one de 21.5\u201d y procesamiento Intel de hasta la 10ma generaci\u00f3n\",\"breadcrumb\":{\"@id\":\"https:\/\/infowork.com.ar\/eshop\/producto\/all-in-one-lenovo-ic-3-22ada05-a3020e\/#breadcrumb\"},\"inLanguage\":\"es\",\"potentialAction\":[{\"@type\":\"ReadAction\",\"target\":[\"https:\/\/infowork.com.ar\/eshop\/producto\/all-in-one-lenovo-ic-3-22ada05-a3020e\/\"]}]},{\"@type\":\"BreadcrumbList\",\"@id\":\"https:\/\/infowork.com.ar\/eshop\/producto\/all-in-one-lenovo-ic-3-22ada05-a3020e\/#breadcrumb\",\"itemListElement\":[{\"@type\":\"ListItem\",\"position\":1,\"name\":\"Portada\",\"item\":\"https:\/\/infowork.com.ar\/eshop\/\"},{\"@type\":\"ListItem\",\"position\":2,\"name\":\"Tienda\",\"item\":\"https:\/\/infowork.com.ar\/eshop\/tienda\/\"},{\"@type\":\"ListItem\",\"position\":3,\"name\":\"All In One Lenovo IC 3 22ADA05 A3020E\"}]},{\"@type\":\"WebSite\",\"@id\":\"http:\/\/infowork.com.ar\/eshop\/#website\",\"url\":\"http:\/\/infowork.com.ar\/eshop\/\",\"name\":\"INFOWORK\",\"description\":\"Tienda Inform\u00e1tica\",\"publisher\":{\"@id\":\"http:\/\/infowork.com.ar\/eshop\/#organization\"},\"potentialAction\":[{\"@type\":\"SearchAction\",\"target\":{\"@type\":\"EntryPoint\",\"urlTemplate\":\"http:\/\/infowork.com.ar\/eshop\/?s={search_term_string}\"},\"query-input\":{\"@type\":\"PropertyValueSpecification\",\"valueRequired\":true,\"valueName\":\"search_term_string\"}}],\"inLanguage\":\"es\"},{\"@type\":[\"Organization\",\"Place\"],\"@id\":\"http:\/\/infowork.com.ar\/eshop\/#organization\",\"name\":\"INFOWORK\",\"alternateName\":\"INFOWORK\",\"url\":\"http:\/\/infowork.com.ar\/eshop\/\",\"logo\":{\"@id\":\"https:\/\/infowork.com.ar\/eshop\/producto\/all-in-one-lenovo-ic-3-22ada05-a3020e\/#local-main-organization-logo\"},\"image\":{\"@id\":\"https:\/\/infowork.com.ar\/eshop\/producto\/all-in-one-lenovo-ic-3-22ada05-a3020e\/#local-main-organization-logo\"},\"sameAs\":[\"https:\/\/www.facebook.com.ar\/infowork\",\"https:\/\/x.com\/infowork_arg\",\"https:\/\/instagram.com\/infowork.arg\"],\"description\":\"Soluciones inform\u00e1ticas con honestidad, confianza y transparencia.\",\"address\":{\"@id\":\"https:\/\/infowork.com.ar\/eshop\/producto\/all-in-one-lenovo-ic-3-22ada05-a3020e\/#local-main-place-address\"},\"telephone\":[\"02241425984\"],\"openingHoursSpecification\":[{\"@type\":\"OpeningHoursSpecification\",\"dayOfWeek\":[\"Monday\",\"Tuesday\",\"Wednesday\",\"Thursday\",\"Friday\",\"Saturday\",\"Sunday\"],\"opens\":\"09:00\",\"closes\":\"17:00\"}],\"email\":\"ventas@infowork.com.ar\"},{\"@type\":\"PostalAddress\",\"@id\":\"https:\/\/infowork.com.ar\/eshop\/producto\/all-in-one-lenovo-ic-3-22ada05-a3020e\/#local-main-place-address\",\"streetAddress\":\"LIBRES DEL SUR 228\",\"addressLocality\":\"CHASCOMUS\",\"postalCode\":\"7130\",\"addressRegion\":\"BUENOS AIRES\",\"addressCountry\":\"AR\"},{\"@type\":\"ImageObject\",\"inLanguage\":\"es\",\"@id\":\"https:\/\/infowork.com.ar\/eshop\/producto\/all-in-one-lenovo-ic-3-22ada05-a3020e\/#local-main-organization-logo\",\"url\":\"https:\/\/infowork.com.ar\/eshop\/wp-content\/uploads\/cropped-Logos-2.webp\",\"contentUrl\":\"https:\/\/infowork.com.ar\/eshop\/wp-content\/uploads\/cropped-Logos-2.webp\",\"width\":162,\"height\":32,\"caption\":\"INFOWORK\"}]}<\/script>\n<meta property=\"product:price:currency\" content=\"USD\" \/>\n<meta property=\"og:availability\" content=\"out of stock\" \/>\n<meta property=\"product:availability\" content=\"out of stock\" \/>\n<meta property=\"product:retailer_item_id\" content=\"sku-112\" \/>\n<meta property=\"product:condition\" content=\"new\" \/>\n<meta name=\"geo.placename\" content=\"CHASCOMUS\" \/>\n<meta name=\"geo.region\" content=\"Argentina\" \/>\n<!-- \/ Yoast SEO Premium plugin. -->","yoast_head_json":{"title":"All In One Lenovo IC 3 22ADA05 A3020E -","description":"IdeaCentre 3i AIO (21.5\", Intel)Dise\u00f1ada para impresionar y rendirAll in one de 21.5\u201d y procesamiento Intel de hasta la 10ma generaci\u00f3n","robots":{"index":"index","follow":"follow","max-snippet":"max-snippet:-1","max-image-preview":"max-image-preview:large","max-video-preview":"max-video-preview:-1"},"canonical":"https:\/\/infowork.com.ar\/eshop\/producto\/all-in-one-lenovo-ic-3-22ada05-a3020e\/","og_locale":"es_ES","og_type":"article","og_title":"All In One Lenovo IC 3 22ADA05 A3020E","og_description":"IdeaCentre 3i AIO (21.5\", Intel)Dise\u00f1ada para impresionar y rendirAll in one de 21.5\u201d y procesamiento Intel de hasta la 10ma generaci\u00f3n","og_url":"https:\/\/infowork.com.ar\/eshop\/producto\/all-in-one-lenovo-ic-3-22ada05-a3020e\/","article_publisher":"https:\/\/www.facebook.com.ar\/infowork","article_modified_time":"2023-07-01T15:28:10+00:00","twitter_card":"summary_large_image","twitter_site":"@infowork_arg","twitter_misc":{"Precio":"","Disponibilidad":"Sin existencias"},"schema":{"@context":"https:\/\/schema.org","@graph":[{"@type":["WebPage","ItemPage"],"@id":"https:\/\/infowork.com.ar\/eshop\/producto\/all-in-one-lenovo-ic-3-22ada05-a3020e\/","url":"https:\/\/infowork.com.ar\/eshop\/producto\/all-in-one-lenovo-ic-3-22ada05-a3020e\/","name":"All In One Lenovo IC 3 22ADA05 A3020E -","isPartOf":{"@id":"http:\/\/infowork.com.ar\/eshop\/#website"},"datePublished":"2022-07-26T00:06:23+00:00","dateModified":"2023-07-01T15:28:10+00:00","description":"IdeaCentre 3i AIO (21.5\", Intel)Dise\u00f1ada para impresionar y rendirAll in one de 21.5\u201d y procesamiento Intel de hasta la 10ma generaci\u00f3n","breadcrumb":{"@id":"https:\/\/infowork.com.ar\/eshop\/producto\/all-in-one-lenovo-ic-3-22ada05-a3020e\/#breadcrumb"},"inLanguage":"es","potentialAction":[{"@type":"ReadAction","target":["https:\/\/infowork.com.ar\/eshop\/producto\/all-in-one-lenovo-ic-3-22ada05-a3020e\/"]}]},{"@type":"BreadcrumbList","@id":"https:\/\/infowork.com.ar\/eshop\/producto\/all-in-one-lenovo-ic-3-22ada05-a3020e\/#breadcrumb","itemListElement":[{"@type":"ListItem","position":1,"name":"Portada","item":"https:\/\/infowork.com.ar\/eshop\/"},{"@type":"ListItem","position":2,"name":"Tienda","item":"https:\/\/infowork.com.ar\/eshop\/tienda\/"},{"@type":"ListItem","position":3,"name":"All In One Lenovo IC 3 22ADA05 A3020E"}]},{"@type":"WebSite","@id":"http:\/\/infowork.com.ar\/eshop\/#website","url":"http:\/\/infowork.com.ar\/eshop\/","name":"INFOWORK","description":"Tienda Inform\u00e1tica","publisher":{"@id":"http:\/\/infowork.com.ar\/eshop\/#organization"},"potentialAction":[{"@type":"SearchAction","target":{"@type":"EntryPoint","urlTemplate":"http:\/\/infowork.com.ar\/eshop\/?s={search_term_string}"},"query-input":{"@type":"PropertyValueSpecification","valueRequired":true,"valueName":"search_term_string"}}],"inLanguage":"es"},{"@type":["Organization","Place"],"@id":"http:\/\/infowork.com.ar\/eshop\/#organization","name":"INFOWORK","alternateName":"INFOWORK","url":"http:\/\/infowork.com.ar\/eshop\/","logo":{"@id":"https:\/\/infowork.com.ar\/eshop\/producto\/all-in-one-lenovo-ic-3-22ada05-a3020e\/#local-main-organization-logo"},"image":{"@id":"https:\/\/infowork.com.ar\/eshop\/producto\/all-in-one-lenovo-ic-3-22ada05-a3020e\/#local-main-organization-logo"},"sameAs":["https:\/\/www.facebook.com.ar\/infowork","https:\/\/x.com\/infowork_arg","https:\/\/instagram.com\/infowork.arg"],"description":"Soluciones inform\u00e1ticas con honestidad, confianza y transparencia.","address":{"@id":"https:\/\/infowork.com.ar\/eshop\/producto\/all-in-one-lenovo-ic-3-22ada05-a3020e\/#local-main-place-address"},"telephone":["02241425984"],"openingHoursSpecification":[{"@type":"OpeningHoursSpecification","dayOfWeek":["Monday","Tuesday","Wednesday","Thursday","Friday","Saturday","Sunday"],"opens":"09:00","closes":"17:00"}],"email":"ventas@infowork.com.ar"},{"@type":"PostalAddress","@id":"https:\/\/infowork.com.ar\/eshop\/producto\/all-in-one-lenovo-ic-3-22ada05-a3020e\/#local-main-place-address","streetAddress":"LIBRES DEL SUR 228","addressLocality":"CHASCOMUS","postalCode":"7130","addressRegion":"BUENOS AIRES","addressCountry":"AR"},{"@type":"ImageObject","inLanguage":"es","@id":"https:\/\/infowork.com.ar\/eshop\/producto\/all-in-one-lenovo-ic-3-22ada05-a3020e\/#local-main-organization-logo","url":"https:\/\/infowork.com.ar\/eshop\/wp-content\/uploads\/cropped-Logos-2.webp","contentUrl":"https:\/\/infowork.com.ar\/eshop\/wp-content\/uploads\/cropped-Logos-2.webp","width":162,"height":32,"caption":"INFOWORK"}]},"product_price_currency":"USD","og_availability":"out of stock","product_availability":"out of stock","product_retailer_item_id":"sku-112","product_condition":"new","geo.placename":"CHASCOMUS","geo.region":"Argentina"},"_links":{"self":[{"href":"https:\/\/infowork.com.ar\/eshop\/wp-json\/wp\/v2\/product\/9509","targetHints":{"allow":["GET"]}}],"collection":[{"href":"https:\/\/infowork.com.ar\/eshop\/wp-json\/wp\/v2\/product"}],"about":[{"href":"https:\/\/infowork.com.ar\/eshop\/wp-json\/wp\/v2\/types\/product"}],"version-history":[{"count":0,"href":"https:\/\/infowork.com.ar\/eshop\/wp-json\/wp\/v2\/product\/9509\/revisions"}],"wp:attachment":[{"href":"https:\/\/infowork.com.ar\/eshop\/wp-json\/wp\/v2\/media?parent=9509"}],"wp:term":[{"taxonomy":"product_brand","embeddable":true,"href":"https:\/\/infowork.com.ar\/eshop\/wp-json\/wp\/v2\/product_brand?post=9509"},{"taxonomy":"product_cat","embeddable":true,"href":"https:\/\/infowork.com.ar\/eshop\/wp-json\/wp\/v2\/product_cat?post=9509"},{"taxonomy":"product_tag","embeddable":true,"href":"https:\/\/infowork.com.ar\/eshop\/wp-json\/wp\/v2\/product_tag?post=9509"}],"curies":[{"name":"wp","href":"https:\/\/api.w.org\/{rel}","templated":true}]}}