{"id":10024,"date":"2022-08-18T22:45:12","date_gmt":"2022-08-19T01:45:12","guid":{"rendered":"https:\/\/infowork.com.ar\/eshop\/?post_type=product&#038;p=10024"},"modified":"2023-07-01T12:28:23","modified_gmt":"2023-07-01T15:28:23","slug":"geforce-gtx-1650-xs-4gb-dual-fan","status":"publish","type":"product","link":"https:\/\/infowork.com.ar\/eshop\/producto\/geforce-gtx-1650-xs-4gb-dual-fan\/","title":{"rendered":"MSI GeForce GTX 1650 VENTUS XS 4G OC"},"content":{"rendered":"<div class=\"item\">\n<section id=\"section5\" class=\"feature-list-item control\">\n<div class=\"container-fluid Futurebg\">\n<div class=\"row\">\n<div class=\"col-md-5 col-md-offset-1 \">\n<div class=\"row rtp\">\n<div class=\"col-md-12\">\n<section id=\"section2\" class=\"feature-list-item control\">\n<div class=\"container-fluid ventusintro\">\n<div class=\"row ventusB\">\n<div class=\"col-md-4 col-md-offset-1 tbox\">\n<h2 class=\"h2 text-uppercase\">DISE\u00d1O PREMIUM<\/h2>\n<p class=\"lead WTp\">Un nuevo y fresco dise\u00f1o de ventiladores, VENTUS tiene el honor y la virtud de poseer estos potentes ventiladores. Con su dise\u00f1o minimalista, con colores neutrales y aspecto industrial, puede encajar en muchos dise\u00f1os de PC.<\/p>\n<\/div>\n<div class=\"col-md-6 \"><span style=\"font-size: 1.7em; font-weight: bold;\">EFFECTIVE COOLING DESIGN<\/span><\/div>\n<\/div>\n<\/div>\n<\/section>\n<section id=\"section3\" class=\"feature-list-item control\">\n<div class=\"section-detail-content \">\n<div class=\"container-fluid \">\n<div class=\"row\">\n<div class=\"col-md-6 col-md-offset-3\">\n<p class=\"lead text-center\">El disipador t\u00e9rmico de aluminio extruido maximiza el \u00e1rea de contacto directo con la GPU y la memoria para transferir el calor de manera eficiente. Mejora la disipaci\u00f3n de calor al guiar el flujo de aire a PCB a trav\u00e9s de las secciones del disipador de calor.<\/p>\n<\/div>\n<\/div>\n<\/div>\n<\/div>\n<\/section>\n<h2 class=\"h2 text-uppercase\">EL FUTURO DEL GAMING<\/h2>\n<p class=\"lead\">La experiencia de juego m\u00e1s fluida, r\u00e1pida y emocionante que existe al eliminar el rasgado de la pantalla, el obturador de la pantalla y el retardo de entrada.<\/p>\n<\/div>\n<\/div>\n<p><img decoding=\"async\" class=\"img-responsive\" src=\"https:\/\/storage-asset.msi.com\/global\/picture\/image\/feature\/vga\/NVIDIA\/GTX1080Ti\/Trio\/1080ti-trio-1800r-2.png\" alt=\"\" loading=\"lazy\" \/><\/p>\n<div class=\"row rtp\">\n<div class=\"col-md-12\">\n<p>La resoluci\u00f3n ultraalta (UHD) ofrece 4 veces la resoluci\u00f3n del contenido de 1080p, lo que permite im\u00e1genes mucho m\u00e1s n\u00edtidas y n\u00edtidas con detalles delicados durante los juegos.<\/p>\n<p>El alto rango din\u00e1mico (HDR) mejora su mundo de juegos con un mayor contraste y colores m\u00e1s brillantes que nunca antes.<\/p>\n<\/div>\n<\/div>\n<\/div>\n<\/div>\n<\/div>\n<\/section>\n<section id=\"section6\" class=\"feature-list-item control\">\n<div class=\"section-detail-content\">\n<div id=\"MSIAPPPLAYER\">\n<div class=\"col-xs-12 col-sm-12 col-md-7 col-lg-7\"><img decoding=\"async\" class=\"img-responsive center-block\" src=\"https:\/\/storage-asset.msi.com\/global\/picture\/image\/feature\/mb\/H310\/app-player-mb.jpg\" loading=\"lazy\" \/><\/div>\n<div class=\"info col-xs-12 col-sm-12 col-md-5 col-lg-4\">\n<h2 class=\"h2\">MSI APP PLAYER<\/h2>\n<p class=\"lead white\">Desarrollado bajo una asociaci\u00f3n exclusiva con BlueStacks, el MSI APP Player ofrece una experiencia de juego perfecta entre los juegos m\u00f3viles y la plataforma de PC, y aprovecha las caracter\u00edsticas personalizadas como la iluminaci\u00f3n espec\u00edfica del teclado y mejores gr\u00e1ficos con trabajos de tareas m\u00faltiples.<\/p>\n<div class=\"clearfix\"><\/div>\n<\/div>\n<\/div>\n<\/div>\n<\/section>\n<\/div>\n","protected":false},"excerpt":{"rendered":"<h1 class=\"productNav__mainNav__title\">GeForce GTX 1650 VENTUS XS 4G OC<\/h1>\n","protected":false},"featured_media":10030,"template":"","meta":{"site-sidebar-layout":"default","site-content-layout":"default","ast-site-content-layout":"default","site-content-style":"default","site-sidebar-style":"default","ast-global-header-display":"","ast-banner-title-visibility":"","ast-main-header-display":"","ast-hfb-above-header-display":"","ast-hfb-below-header-display":"","ast-hfb-mobile-header-display":"","site-post-title":"","ast-breadcrumbs-content":"","ast-featured-img":"","footer-sml-layout":"","ast-disable-related-posts":"","theme-transparent-header-meta":"default","adv-header-id-meta":"","stick-header-meta":"","header-above-stick-meta":"","header-main-stick-meta":"","header-below-stick-meta":"","astra-migrate-meta-layouts":"default","ast-page-background-enabled":"default","ast-page-background-meta":{"desktop":{"background-color":"var(--ast-global-color-4)","background-image":"","background-repeat":"repeat","background-position":"center center","background-size":"auto","background-attachment":"scroll","background-type":"","background-media":"","overlay-type":"","overlay-color":"","overlay-opacity":"","overlay-gradient":""},"tablet":{"background-color":"","background-image":"","background-repeat":"repeat","background-position":"center center","background-size":"auto","background-attachment":"scroll","background-type":"","background-media":"","overlay-type":"","overlay-color":"","overlay-opacity":"","overlay-gradient":""},"mobile":{"background-color":"","background-image":"","background-repeat":"repeat","background-position":"center center","background-size":"auto","background-attachment":"scroll","background-type":"","background-media":"","overlay-type":"","overlay-color":"","overlay-opacity":"","overlay-gradient":""}},"ast-content-background-meta":{"desktop":{"background-color":"var(--ast-global-color-5)","background-image":"","background-repeat":"repeat","background-position":"center center","background-size":"auto","background-attachment":"scroll","background-type":"","background-media":"","overlay-type":"","overlay-color":"","overlay-opacity":"","overlay-gradient":""},"tablet":{"background-color":"var(--ast-global-color-5)","background-image":"","background-repeat":"repeat","background-position":"center center","background-size":"auto","background-attachment":"scroll","background-type":"","background-media":"","overlay-type":"","overlay-color":"","overlay-opacity":"","overlay-gradient":""},"mobile":{"background-color":"var(--ast-global-color-5)","background-image":"","background-repeat":"repeat","background-position":"center center","background-size":"auto","background-attachment":"scroll","background-type":"","background-media":"","overlay-type":"","overlay-color":"","overlay-opacity":"","overlay-gradient":""}}},"product_brand":[],"product_cat":[152,252,327],"product_tag":[249,88],"class_list":{"0":"post-10024","1":"product","2":"type-product","3":"status-publish","4":"has-post-thumbnail","6":"product_cat-gaming","7":"product_cat-novedades","8":"product_cat-placas-de-video","9":"product_tag-gaming","10":"product_tag-juegos","11":"pa_marca-pny","12":"desktop-align-left","13":"tablet-align-left","14":"mobile-align-left","15":"ast-product-gallery-layout-horizontal-slider","16":"ast-product-tabs-layout-horizontal","18":"first","19":"onbackorder","20":"featured","21":"taxable","22":"shipping-taxable","23":"product-type-simple"},"yoast_head":"<!-- This site is optimized with the Yoast SEO Premium plugin v25.6 (Yoast SEO v25.7) - https:\/\/yoast.com\/wordpress\/plugins\/seo\/ -->\n<title>MSI GeForce GTX 1650 VENTUS XS 4G OC -<\/title>\n<meta name=\"robots\" content=\"index, follow, max-snippet:-1, max-image-preview:large, max-video-preview:-1\" \/>\n<link rel=\"canonical\" href=\"https:\/\/infowork.com.ar\/eshop\/producto\/geforce-gtx-1650-xs-4gb-dual-fan\/\" \/>\n<meta property=\"og:locale\" content=\"es_ES\" \/>\n<meta property=\"og:type\" content=\"article\" \/>\n<meta property=\"og:title\" content=\"MSI GeForce GTX 1650 VENTUS XS 4G OC\" \/>\n<meta property=\"og:description\" content=\"GeForce GTX 1650 VENTUS XS 4G OC\" \/>\n<meta property=\"og:url\" content=\"https:\/\/infowork.com.ar\/eshop\/producto\/geforce-gtx-1650-xs-4gb-dual-fan\/\" \/>\n<meta property=\"article:publisher\" content=\"https:\/\/www.facebook.com.ar\/infowork\" \/>\n<meta property=\"article:modified_time\" content=\"2023-07-01T15:28:23+00:00\" \/>\n<meta property=\"og:image\" content=\"http:\/\/infowork.com.ar\/eshop\/wp-content\/uploads\/1650.png\" \/>\n\t<meta property=\"og:image:width\" content=\"600\" \/>\n\t<meta property=\"og:image:height\" content=\"600\" \/>\n\t<meta property=\"og:image:type\" content=\"image\/png\" \/>\n<meta name=\"twitter:card\" content=\"summary_large_image\" \/>\n<meta name=\"twitter:site\" content=\"@infowork_arg\" \/>\n<meta name=\"twitter:label1\" content=\"Precio\" \/>\n\t<meta name=\"twitter:data1\" content=\"\" \/>\n\t<meta name=\"twitter:label2\" content=\"Disponibilidad\" \/>\n\t<meta name=\"twitter:data2\" content=\"Disponible para reservar\" \/>\n<script type=\"application\/ld+json\" class=\"yoast-schema-graph\">{\"@context\":\"https:\/\/schema.org\",\"@graph\":[{\"@type\":[\"WebPage\",\"ItemPage\"],\"@id\":\"https:\/\/infowork.com.ar\/eshop\/producto\/geforce-gtx-1650-xs-4gb-dual-fan\/\",\"url\":\"https:\/\/infowork.com.ar\/eshop\/producto\/geforce-gtx-1650-xs-4gb-dual-fan\/\",\"name\":\"MSI GeForce GTX 1650 VENTUS XS 4G OC -\",\"isPartOf\":{\"@id\":\"http:\/\/infowork.com.ar\/eshop\/#website\"},\"primaryImageOfPage\":{\"@id\":\"https:\/\/infowork.com.ar\/eshop\/producto\/geforce-gtx-1650-xs-4gb-dual-fan\/#primaryimage\"},\"image\":{\"@id\":\"https:\/\/infowork.com.ar\/eshop\/producto\/geforce-gtx-1650-xs-4gb-dual-fan\/#primaryimage\"},\"thumbnailUrl\":\"https:\/\/infowork.com.ar\/eshop\/wp-content\/uploads\/1650.png\",\"datePublished\":\"2022-08-19T01:45:12+00:00\",\"dateModified\":\"2023-07-01T15:28:23+00:00\",\"breadcrumb\":{\"@id\":\"https:\/\/infowork.com.ar\/eshop\/producto\/geforce-gtx-1650-xs-4gb-dual-fan\/#breadcrumb\"},\"inLanguage\":\"es\",\"potentialAction\":[{\"@type\":\"ReadAction\",\"target\":[\"https:\/\/infowork.com.ar\/eshop\/producto\/geforce-gtx-1650-xs-4gb-dual-fan\/\"]}]},{\"@type\":\"ImageObject\",\"inLanguage\":\"es\",\"@id\":\"https:\/\/infowork.com.ar\/eshop\/producto\/geforce-gtx-1650-xs-4gb-dual-fan\/#primaryimage\",\"url\":\"https:\/\/infowork.com.ar\/eshop\/wp-content\/uploads\/1650.png\",\"contentUrl\":\"https:\/\/infowork.com.ar\/eshop\/wp-content\/uploads\/1650.png\",\"width\":600,\"height\":600},{\"@type\":\"BreadcrumbList\",\"@id\":\"https:\/\/infowork.com.ar\/eshop\/producto\/geforce-gtx-1650-xs-4gb-dual-fan\/#breadcrumb\",\"itemListElement\":[{\"@type\":\"ListItem\",\"position\":1,\"name\":\"Portada\",\"item\":\"https:\/\/infowork.com.ar\/eshop\/\"},{\"@type\":\"ListItem\",\"position\":2,\"name\":\"Tienda\",\"item\":\"https:\/\/infowork.com.ar\/eshop\/tienda\/\"},{\"@type\":\"ListItem\",\"position\":3,\"name\":\"MSI GeForce GTX 1650 VENTUS XS 4G OC\"}]},{\"@type\":\"WebSite\",\"@id\":\"http:\/\/infowork.com.ar\/eshop\/#website\",\"url\":\"http:\/\/infowork.com.ar\/eshop\/\",\"name\":\"INFOWORK\",\"description\":\"Tienda Inform\u00e1tica\",\"publisher\":{\"@id\":\"http:\/\/infowork.com.ar\/eshop\/#organization\"},\"potentialAction\":[{\"@type\":\"SearchAction\",\"target\":{\"@type\":\"EntryPoint\",\"urlTemplate\":\"http:\/\/infowork.com.ar\/eshop\/?s={search_term_string}\"},\"query-input\":{\"@type\":\"PropertyValueSpecification\",\"valueRequired\":true,\"valueName\":\"search_term_string\"}}],\"inLanguage\":\"es\"},{\"@type\":[\"Organization\",\"Place\"],\"@id\":\"http:\/\/infowork.com.ar\/eshop\/#organization\",\"name\":\"INFOWORK\",\"alternateName\":\"INFOWORK\",\"url\":\"http:\/\/infowork.com.ar\/eshop\/\",\"logo\":{\"@id\":\"https:\/\/infowork.com.ar\/eshop\/producto\/geforce-gtx-1650-xs-4gb-dual-fan\/#local-main-organization-logo\"},\"image\":{\"@id\":\"https:\/\/infowork.com.ar\/eshop\/producto\/geforce-gtx-1650-xs-4gb-dual-fan\/#local-main-organization-logo\"},\"sameAs\":[\"https:\/\/www.facebook.com.ar\/infowork\",\"https:\/\/x.com\/infowork_arg\",\"https:\/\/instagram.com\/infowork.arg\"],\"description\":\"Soluciones inform\u00e1ticas con honestidad, confianza y transparencia.\",\"address\":{\"@id\":\"https:\/\/infowork.com.ar\/eshop\/producto\/geforce-gtx-1650-xs-4gb-dual-fan\/#local-main-place-address\"},\"telephone\":[\"02241425984\"],\"openingHoursSpecification\":[{\"@type\":\"OpeningHoursSpecification\",\"dayOfWeek\":[\"Monday\",\"Tuesday\",\"Wednesday\",\"Thursday\",\"Friday\",\"Saturday\",\"Sunday\"],\"opens\":\"09:00\",\"closes\":\"17:00\"}],\"email\":\"ventas@infowork.com.ar\"},{\"@type\":\"PostalAddress\",\"@id\":\"https:\/\/infowork.com.ar\/eshop\/producto\/geforce-gtx-1650-xs-4gb-dual-fan\/#local-main-place-address\",\"streetAddress\":\"LIBRES DEL SUR 228\",\"addressLocality\":\"CHASCOMUS\",\"postalCode\":\"7130\",\"addressRegion\":\"BUENOS AIRES\",\"addressCountry\":\"AR\"},{\"@type\":\"ImageObject\",\"inLanguage\":\"es\",\"@id\":\"https:\/\/infowork.com.ar\/eshop\/producto\/geforce-gtx-1650-xs-4gb-dual-fan\/#local-main-organization-logo\",\"url\":\"https:\/\/infowork.com.ar\/eshop\/wp-content\/uploads\/cropped-Logos-2.webp\",\"contentUrl\":\"https:\/\/infowork.com.ar\/eshop\/wp-content\/uploads\/cropped-Logos-2.webp\",\"width\":162,\"height\":32,\"caption\":\"INFOWORK\"}]}<\/script>\n<meta property=\"product:price:currency\" content=\"USD\" \/>\n<meta property=\"og:availability\" content=\"backorder\" \/>\n<meta property=\"product:availability\" content=\"available for order\" \/>\n<meta property=\"product:retailer_item_id\" content=\"sku-123\" \/>\n<meta property=\"product:condition\" content=\"new\" \/>\n<meta name=\"geo.placename\" content=\"CHASCOMUS\" \/>\n<meta name=\"geo.region\" content=\"Argentina\" \/>\n<!-- \/ Yoast SEO Premium plugin. -->","yoast_head_json":{"title":"MSI GeForce GTX 1650 VENTUS XS 4G OC -","robots":{"index":"index","follow":"follow","max-snippet":"max-snippet:-1","max-image-preview":"max-image-preview:large","max-video-preview":"max-video-preview:-1"},"canonical":"https:\/\/infowork.com.ar\/eshop\/producto\/geforce-gtx-1650-xs-4gb-dual-fan\/","og_locale":"es_ES","og_type":"article","og_title":"MSI GeForce GTX 1650 VENTUS XS 4G OC","og_description":"GeForce GTX 1650 VENTUS XS 4G OC","og_url":"https:\/\/infowork.com.ar\/eshop\/producto\/geforce-gtx-1650-xs-4gb-dual-fan\/","article_publisher":"https:\/\/www.facebook.com.ar\/infowork","article_modified_time":"2023-07-01T15:28:23+00:00","og_image":[{"width":600,"height":600,"url":"http:\/\/infowork.com.ar\/eshop\/wp-content\/uploads\/1650.png","type":"image\/png"}],"twitter_card":"summary_large_image","twitter_site":"@infowork_arg","twitter_misc":{"Precio":"","Disponibilidad":"Disponible para reservar"},"schema":{"@context":"https:\/\/schema.org","@graph":[{"@type":["WebPage","ItemPage"],"@id":"https:\/\/infowork.com.ar\/eshop\/producto\/geforce-gtx-1650-xs-4gb-dual-fan\/","url":"https:\/\/infowork.com.ar\/eshop\/producto\/geforce-gtx-1650-xs-4gb-dual-fan\/","name":"MSI GeForce GTX 1650 VENTUS XS 4G OC -","isPartOf":{"@id":"http:\/\/infowork.com.ar\/eshop\/#website"},"primaryImageOfPage":{"@id":"https:\/\/infowork.com.ar\/eshop\/producto\/geforce-gtx-1650-xs-4gb-dual-fan\/#primaryimage"},"image":{"@id":"https:\/\/infowork.com.ar\/eshop\/producto\/geforce-gtx-1650-xs-4gb-dual-fan\/#primaryimage"},"thumbnailUrl":"https:\/\/infowork.com.ar\/eshop\/wp-content\/uploads\/1650.png","datePublished":"2022-08-19T01:45:12+00:00","dateModified":"2023-07-01T15:28:23+00:00","breadcrumb":{"@id":"https:\/\/infowork.com.ar\/eshop\/producto\/geforce-gtx-1650-xs-4gb-dual-fan\/#breadcrumb"},"inLanguage":"es","potentialAction":[{"@type":"ReadAction","target":["https:\/\/infowork.com.ar\/eshop\/producto\/geforce-gtx-1650-xs-4gb-dual-fan\/"]}]},{"@type":"ImageObject","inLanguage":"es","@id":"https:\/\/infowork.com.ar\/eshop\/producto\/geforce-gtx-1650-xs-4gb-dual-fan\/#primaryimage","url":"https:\/\/infowork.com.ar\/eshop\/wp-content\/uploads\/1650.png","contentUrl":"https:\/\/infowork.com.ar\/eshop\/wp-content\/uploads\/1650.png","width":600,"height":600},{"@type":"BreadcrumbList","@id":"https:\/\/infowork.com.ar\/eshop\/producto\/geforce-gtx-1650-xs-4gb-dual-fan\/#breadcrumb","itemListElement":[{"@type":"ListItem","position":1,"name":"Portada","item":"https:\/\/infowork.com.ar\/eshop\/"},{"@type":"ListItem","position":2,"name":"Tienda","item":"https:\/\/infowork.com.ar\/eshop\/tienda\/"},{"@type":"ListItem","position":3,"name":"MSI GeForce GTX 1650 VENTUS XS 4G OC"}]},{"@type":"WebSite","@id":"http:\/\/infowork.com.ar\/eshop\/#website","url":"http:\/\/infowork.com.ar\/eshop\/","name":"INFOWORK","description":"Tienda Inform\u00e1tica","publisher":{"@id":"http:\/\/infowork.com.ar\/eshop\/#organization"},"potentialAction":[{"@type":"SearchAction","target":{"@type":"EntryPoint","urlTemplate":"http:\/\/infowork.com.ar\/eshop\/?s={search_term_string}"},"query-input":{"@type":"PropertyValueSpecification","valueRequired":true,"valueName":"search_term_string"}}],"inLanguage":"es"},{"@type":["Organization","Place"],"@id":"http:\/\/infowork.com.ar\/eshop\/#organization","name":"INFOWORK","alternateName":"INFOWORK","url":"http:\/\/infowork.com.ar\/eshop\/","logo":{"@id":"https:\/\/infowork.com.ar\/eshop\/producto\/geforce-gtx-1650-xs-4gb-dual-fan\/#local-main-organization-logo"},"image":{"@id":"https:\/\/infowork.com.ar\/eshop\/producto\/geforce-gtx-1650-xs-4gb-dual-fan\/#local-main-organization-logo"},"sameAs":["https:\/\/www.facebook.com.ar\/infowork","https:\/\/x.com\/infowork_arg","https:\/\/instagram.com\/infowork.arg"],"description":"Soluciones inform\u00e1ticas con honestidad, confianza y transparencia.","address":{"@id":"https:\/\/infowork.com.ar\/eshop\/producto\/geforce-gtx-1650-xs-4gb-dual-fan\/#local-main-place-address"},"telephone":["02241425984"],"openingHoursSpecification":[{"@type":"OpeningHoursSpecification","dayOfWeek":["Monday","Tuesday","Wednesday","Thursday","Friday","Saturday","Sunday"],"opens":"09:00","closes":"17:00"}],"email":"ventas@infowork.com.ar"},{"@type":"PostalAddress","@id":"https:\/\/infowork.com.ar\/eshop\/producto\/geforce-gtx-1650-xs-4gb-dual-fan\/#local-main-place-address","streetAddress":"LIBRES DEL SUR 228","addressLocality":"CHASCOMUS","postalCode":"7130","addressRegion":"BUENOS AIRES","addressCountry":"AR"},{"@type":"ImageObject","inLanguage":"es","@id":"https:\/\/infowork.com.ar\/eshop\/producto\/geforce-gtx-1650-xs-4gb-dual-fan\/#local-main-organization-logo","url":"https:\/\/infowork.com.ar\/eshop\/wp-content\/uploads\/cropped-Logos-2.webp","contentUrl":"https:\/\/infowork.com.ar\/eshop\/wp-content\/uploads\/cropped-Logos-2.webp","width":162,"height":32,"caption":"INFOWORK"}]},"product_price_currency":"USD","og_availability":"backorder","product_availability":"available for order","product_retailer_item_id":"sku-123","product_condition":"new","geo.placename":"CHASCOMUS","geo.region":"Argentina"},"_links":{"self":[{"href":"https:\/\/infowork.com.ar\/eshop\/wp-json\/wp\/v2\/product\/10024","targetHints":{"allow":["GET"]}}],"collection":[{"href":"https:\/\/infowork.com.ar\/eshop\/wp-json\/wp\/v2\/product"}],"about":[{"href":"https:\/\/infowork.com.ar\/eshop\/wp-json\/wp\/v2\/types\/product"}],"version-history":[{"count":0,"href":"https:\/\/infowork.com.ar\/eshop\/wp-json\/wp\/v2\/product\/10024\/revisions"}],"wp:featuredmedia":[{"embeddable":true,"href":"https:\/\/infowork.com.ar\/eshop\/wp-json\/wp\/v2\/media\/10030"}],"wp:attachment":[{"href":"https:\/\/infowork.com.ar\/eshop\/wp-json\/wp\/v2\/media?parent=10024"}],"wp:term":[{"taxonomy":"product_brand","embeddable":true,"href":"https:\/\/infowork.com.ar\/eshop\/wp-json\/wp\/v2\/product_brand?post=10024"},{"taxonomy":"product_cat","embeddable":true,"href":"https:\/\/infowork.com.ar\/eshop\/wp-json\/wp\/v2\/product_cat?post=10024"},{"taxonomy":"product_tag","embeddable":true,"href":"https:\/\/infowork.com.ar\/eshop\/wp-json\/wp\/v2\/product_tag?post=10024"}],"curies":[{"name":"wp","href":"https:\/\/api.w.org\/{rel}","templated":true}]}}