{"id":4744,"date":"2021-07-28T22:35:51","date_gmt":"2021-07-29T01:35:51","guid":{"rendered":"https:\/\/infowork.com.ar\/eshop\/?page_id=4744"},"modified":"2025-08-18T20:53:00","modified_gmt":"2025-08-18T23:53:00","slug":"ubicacion","status":"publish","type":"page","link":"https:\/\/infowork.com.ar\/eshop\/ubicacion\/","title":{"rendered":"Ubicaci\u00f3n"},"content":{"rendered":"\t\t<div data-elementor-type=\"wp-page\" data-elementor-id=\"4744\" class=\"elementor elementor-4744\" data-elementor-settings=\"{&quot;ha_cmc_init_switcher&quot;:&quot;no&quot;}\" data-elementor-post-type=\"page\">\n\t\t\t\t\t\t<section data-particle_enable=\"false\" data-particle-mobile-disabled=\"false\" class=\"elementor-section elementor-top-section elementor-element elementor-element-d3e4de4 elementor-section-full_width elementor-section-height-default elementor-section-height-default\" data-id=\"d3e4de4\" data-element_type=\"section\" data-settings=\"{&quot;background_background&quot;:&quot;classic&quot;,&quot;_ha_eqh_enable&quot;:false}\">\n\t\t\t\t\t\t\t<div class=\"elementor-background-overlay\"><\/div>\n\t\t\t\t\t\t\t<div class=\"elementor-container elementor-column-gap-default\">\n\t\t\t\t\t<div class=\"elementor-column elementor-col-100 elementor-top-column elementor-element elementor-element-322d45e\" data-id=\"322d45e\" data-element_type=\"column\">\n\t\t\t<div class=\"elementor-widget-wrap elementor-element-populated\">\n\t\t\t\t\t\t<div class=\"elementor-element elementor-element-bc514e6 elementor-widget elementor-widget-spacer\" data-id=\"bc514e6\" data-element_type=\"widget\" data-widget_type=\"spacer.default\">\n\t\t\t\t<div class=\"elementor-widget-container\">\n\t\t\t\t\t\t\t<div class=\"elementor-spacer\">\n\t\t\t<div class=\"elementor-spacer-inner\"><\/div>\n\t\t<\/div>\n\t\t\t\t\t\t<\/div>\n\t\t\t\t<\/div>\n\t\t\t\t<div class=\"elementor-element elementor-element-de9f567 elementor-invisible elementor-widget elementor-widget-heading\" data-id=\"de9f567\" data-element_type=\"widget\" data-settings=\"{&quot;_animation&quot;:&quot;fadeIn&quot;,&quot;_animation_delay&quot;:600}\" data-widget_type=\"heading.default\">\n\t\t\t\t<div class=\"elementor-widget-container\">\n\t\t\t\t\t<h1 class=\"elementor-heading-title elementor-size-default\">Ubicaci\u00f3n<\/h1>\t\t\t\t<\/div>\n\t\t\t\t<\/div>\n\t\t\t\t<div class=\"elementor-element elementor-element-2fdf208 elementor-view-default elementor-widget elementor-widget-icon\" data-id=\"2fdf208\" data-element_type=\"widget\" data-widget_type=\"icon.default\">\n\t\t\t\t<div class=\"elementor-widget-container\">\n\t\t\t\t\t\t\t<div class=\"elementor-icon-wrapper\">\n\t\t\t<div class=\"elementor-icon\">\n\t\t\t<svg aria-hidden=\"true\" class=\"e-font-icon-svg e-fas-chevron-down\" viewBox=\"0 0 448 512\" xmlns=\"http:\/\/www.w3.org\/2000\/svg\"><path d=\"M207.029 381.476L12.686 187.132c-9.373-9.373-9.373-24.569 0-33.941l22.667-22.667c9.357-9.357 24.522-9.375 33.901-.04L224 284.505l154.745-154.021c9.379-9.335 24.544-9.317 33.901.04l22.667 22.667c9.373 9.373 9.373 24.569 0 33.941L240.971 381.476c-9.373 9.372-24.569 9.372-33.942 0z\"><\/path><\/svg>\t\t\t<\/div>\n\t\t<\/div>\n\t\t\t\t\t\t<\/div>\n\t\t\t\t<\/div>\n\t\t\t\t\t<\/div>\n\t\t<\/div>\n\t\t\t\t\t<\/div>\n\t\t<\/section>\n\t\t\t\t<section data-particle_enable=\"false\" data-particle-mobile-disabled=\"false\" class=\"elementor-section elementor-top-section elementor-element elementor-element-a80e9c7 elementor-section-full_width elementor-section-height-default elementor-section-height-default\" data-id=\"a80e9c7\" data-element_type=\"section\" data-settings=\"{&quot;_ha_eqh_enable&quot;:false}\">\n\t\t\t\t\t\t<div class=\"elementor-container elementor-column-gap-default\">\n\t\t\t\t\t<div class=\"elementor-column elementor-col-100 elementor-top-column elementor-element elementor-element-445975d\" data-id=\"445975d\" data-element_type=\"column\">\n\t\t\t<div class=\"elementor-widget-wrap elementor-element-populated\">\n\t\t\t\t\t\t<div class=\"elementor-element elementor-element-3ba7236 elementor-widget__width-inherit elementor-widget elementor-widget-google_maps\" data-id=\"3ba7236\" data-element_type=\"widget\" data-widget_type=\"google_maps.default\">\n\t\t\t\t<div class=\"elementor-widget-container\">\n\t\t\t\t\t\t\t<div class=\"elementor-custom-embed\">\n\t\t\t<iframe loading=\"lazy\"\n\t\t\t\t\tsrc=\"https:\/\/www.google.com\/maps\/embed\/v1\/place?key=AIzaSyCE8LrHXLEzO5VwvpoXkaZNhDVPB5wJfDQ&#038;q=INFOWORK%20LIBRES%20DEL%20SUR%20228%20CHASCOMUS%20BUENOS%20AIRES%20ARGENTINA&#038;zoom=20\"\n\t\t\t\t\ttitle=\"INFOWORK LIBRES DEL SUR 228 CHASCOMUS BUENOS AIRES ARGENTINA\"\n\t\t\t\t\taria-label=\"INFOWORK LIBRES DEL SUR 228 CHASCOMUS BUENOS AIRES ARGENTINA\"\n\t\t\t><\/iframe>\n\t\t<\/div>\n\t\t\t\t\t\t<\/div>\n\t\t\t\t<\/div>\n\t\t\t\t\t<\/div>\n\t\t<\/div>\n\t\t\t\t\t<\/div>\n\t\t<\/section>\n\t\t\t\t<section data-particle_enable=\"false\" data-particle-mobile-disabled=\"false\" class=\"elementor-section elementor-top-section elementor-element elementor-element-d7efc65 elementor-section-boxed elementor-section-height-default elementor-section-height-default\" data-id=\"d7efc65\" data-element_type=\"section\" data-settings=\"{&quot;background_background&quot;:&quot;classic&quot;,&quot;_ha_eqh_enable&quot;:false}\">\n\t\t\t\t\t\t<div class=\"elementor-container elementor-column-gap-default\">\n\t\t\t\t\t<div class=\"elementor-column elementor-col-100 elementor-top-column elementor-element elementor-element-15d6815\" data-id=\"15d6815\" data-element_type=\"column\">\n\t\t\t<div class=\"elementor-widget-wrap elementor-element-populated\">\n\t\t\t\t\t\t<div class=\"elementor-element elementor-element-ebc3405 elementor-headline--style-rotate elementor-widget elementor-widget-global elementor-global-8680 elementor-widget-animated-headline\" data-id=\"ebc3405\" data-element_type=\"widget\" data-settings=\"{&quot;headline_style&quot;:&quot;rotate&quot;,&quot;animation_type&quot;:&quot;flip&quot;,&quot;rotating_text&quot;:&quot;CUOTAS FIJAS\\n&quot;,&quot;loop&quot;:&quot;yes&quot;,&quot;rotate_iteration_delay&quot;:2500}\" data-widget_type=\"animated-headline.default\">\n\t\t\t\t<div class=\"elementor-widget-container\">\n\t\t\t\t\t\t\t<h2 class=\"elementor-headline elementor-headline-animation-type-flip\">\n\t\t\t\t\t<span class=\"elementor-headline-plain-text elementor-headline-text-wrapper\">3-6-12<\/span>\n\t\t\t\t<span class=\"elementor-headline-dynamic-wrapper elementor-headline-text-wrapper\">\n\t\t\t\t\t<span class=\"elementor-headline-dynamic-text elementor-headline-text-active\">\n\t\t\t\tCUOTAS&nbsp;FIJAS\t\t\t<\/span>\n\t\t\t\t\t<span class=\"elementor-headline-dynamic-text\">\n\t\t\t\t\t\t\t<\/span>\n\t\t\t\t\t\t<\/span>\n\t\t\t\t\t<span class=\"elementor-headline-plain-text elementor-headline-text-wrapper\">- 4 CUOTAS SIN INTERES<\/span>\n\t\t\t\t\t<\/h2>\n\t\t\t\t\t\t<\/div>\n\t\t\t\t<\/div>\n\t\t\t\t\t<\/div>\n\t\t<\/div>\n\t\t\t\t\t<\/div>\n\t\t<\/section>\n\t\t\t\t<section data-particle_enable=\"false\" data-particle-mobile-disabled=\"false\" class=\"elementor-section elementor-top-section elementor-element elementor-element-3782d49 elementor-section-full_width elementor-section-height-default elementor-section-height-default\" data-id=\"3782d49\" data-element_type=\"section\" data-settings=\"{&quot;_ha_eqh_enable&quot;:false}\">\n\t\t\t\t\t\t<div class=\"elementor-container elementor-column-gap-default\">\n\t\t\t\t\t<div class=\"elementor-column elementor-col-25 elementor-top-column elementor-element elementor-element-2533e6f\" data-id=\"2533e6f\" data-element_type=\"column\">\n\t\t\t<div class=\"elementor-widget-wrap elementor-element-populated\">\n\t\t\t\t\t\t<div class=\"elementor-element elementor-element-33286b7 elementor-position-top elementor-widget elementor-widget-global elementor-global-11216 elementor-widget-image-box\" data-id=\"33286b7\" data-element_type=\"widget\" data-widget_type=\"image-box.default\">\n\t\t\t\t<div class=\"elementor-widget-container\">\n\t\t\t\t\t<div class=\"elementor-image-box-wrapper\"><figure class=\"elementor-image-box-img\"><img decoding=\"async\" width=\"128\" height=\"128\" src=\"https:\/\/infowork.com.ar\/eshop\/wp-content\/uploads\/2021\/07\/011-delivery.png\" class=\"attachment-full size-full wp-image-3456\" alt=\"\" srcset=\"https:\/\/infowork.com.ar\/eshop\/wp-content\/uploads\/2021\/07\/011-delivery.png 128w, https:\/\/infowork.com.ar\/eshop\/wp-content\/uploads\/2021\/07\/011-delivery-100x100.png 100w\" sizes=\"(max-width: 128px) 100vw, 128px\" loading=\"lazy\" \/><\/figure><div class=\"elementor-image-box-content\"><h5 class=\"elementor-image-box-title\">Envio Gratis<\/h5><p class=\"elementor-image-box-description\">Exclusivo para Zona Urbana Chascom\u00fas<\/p><\/div><\/div>\t\t\t\t<\/div>\n\t\t\t\t<\/div>\n\t\t\t\t\t<\/div>\n\t\t<\/div>\n\t\t\t\t<div class=\"elementor-column elementor-col-25 elementor-top-column elementor-element elementor-element-357a62a\" data-id=\"357a62a\" data-element_type=\"column\">\n\t\t\t<div class=\"elementor-widget-wrap elementor-element-populated\">\n\t\t\t\t\t\t<div class=\"elementor-element elementor-element-3eebb65 elementor-position-top elementor-widget elementor-widget-global elementor-global-11219 elementor-widget-image-box\" data-id=\"3eebb65\" data-element_type=\"widget\" data-widget_type=\"image-box.default\">\n\t\t\t\t<div class=\"elementor-widget-container\">\n\t\t\t\t\t<div class=\"elementor-image-box-wrapper\"><figure class=\"elementor-image-box-img\"><a href=\"https:\/\/infowork.com.ar\/eshop\/tienda\/\" tabindex=\"-1\"><img fetchpriority=\"high\" decoding=\"async\" width=\"512\" height=\"512\" src=\"https:\/\/infowork.com.ar\/eshop\/wp-content\/uploads\/016-card.png\" class=\"attachment-full size-full wp-image-5896\" alt=\"\" srcset=\"https:\/\/infowork.com.ar\/eshop\/wp-content\/uploads\/\/016-card.png 512w, https:\/\/infowork.com.ar\/eshop\/wp-content\/uploads\/\/016-card-300x300.png 300w, https:\/\/infowork.com.ar\/eshop\/wp-content\/uploads\/\/016-card-100x100.png 100w\" sizes=\"(max-width: 512px) 100vw, 512px\" \/><\/a><\/figure><div class=\"elementor-image-box-content\"><h5 class=\"elementor-image-box-title\"><a href=\"https:\/\/infowork.com.ar\/eshop\/tienda\/\">Pag\u00e1 en cuotas<\/a><\/h5><p class=\"elementor-image-box-description\"> 3 - 6 Y 12 CUOTAS<\/p><\/div><\/div>\t\t\t\t<\/div>\n\t\t\t\t<\/div>\n\t\t\t\t\t<\/div>\n\t\t<\/div>\n\t\t\t\t<div class=\"elementor-column elementor-col-25 elementor-top-column elementor-element elementor-element-32ce504\" data-id=\"32ce504\" data-element_type=\"column\">\n\t\t\t<div class=\"elementor-widget-wrap elementor-element-populated\">\n\t\t\t\t\t\t<div class=\"elementor-element elementor-element-2eb90c8 elementor-position-top elementor-widget elementor-widget-global elementor-global-11222 elementor-widget-image-box\" data-id=\"2eb90c8\" data-element_type=\"widget\" data-widget_type=\"image-box.default\">\n\t\t\t\t<div class=\"elementor-widget-container\">\n\t\t\t\t\t<div class=\"elementor-image-box-wrapper\"><figure class=\"elementor-image-box-img\"><a href=\"https:\/\/infowork.com.ar\/eshop\/categoria-producto\/ofertas\/\" tabindex=\"-1\"><img decoding=\"async\" width=\"128\" height=\"128\" src=\"https:\/\/infowork.com.ar\/eshop\/wp-content\/uploads\/2021\/07\/010-tag.png\" class=\"attachment-full size-full wp-image-3455\" alt=\"\" srcset=\"https:\/\/infowork.com.ar\/eshop\/wp-content\/uploads\/2021\/07\/010-tag.png 128w, https:\/\/infowork.com.ar\/eshop\/wp-content\/uploads\/2021\/07\/010-tag-100x100.png 100w\" sizes=\"(max-width: 128px) 100vw, 128px\" loading=\"lazy\" \/><\/a><\/figure><div class=\"elementor-image-box-content\"><h5 class=\"elementor-image-box-title\"><a href=\"https:\/\/infowork.com.ar\/eshop\/categoria-producto\/ofertas\/\">Mejores Ofertas<\/a><\/h5><p class=\"elementor-image-box-description\">Disfruta de las mejores ofertas<\/p><\/div><\/div>\t\t\t\t<\/div>\n\t\t\t\t<\/div>\n\t\t\t\t\t<\/div>\n\t\t<\/div>\n\t\t\t\t<div class=\"elementor-column elementor-col-25 elementor-top-column elementor-element elementor-element-cef88d3\" data-id=\"cef88d3\" data-element_type=\"column\">\n\t\t\t<div class=\"elementor-widget-wrap elementor-element-populated\">\n\t\t\t\t\t\t<div class=\"elementor-element elementor-element-45d34c3 elementor-position-top elementor-widget elementor-widget-global elementor-global-11225 elementor-widget-image-box\" data-id=\"45d34c3\" data-element_type=\"widget\" data-widget_type=\"image-box.default\">\n\t\t\t\t<div class=\"elementor-widget-container\">\n\t\t\t\t\t<div class=\"elementor-image-box-wrapper\"><figure class=\"elementor-image-box-img\"><img loading=\"lazy\" decoding=\"async\" width=\"120\" height=\"120\" src=\"https:\/\/infowork.com.ar\/eshop\/wp-content\/uploads\/2018\/12\/lock-free-img.png\" class=\"attachment-full size-full wp-image-587\" alt=\"\" srcset=\"https:\/\/infowork.com.ar\/eshop\/wp-content\/uploads\/2018\/12\/lock-free-img.png 120w, https:\/\/infowork.com.ar\/eshop\/wp-content\/uploads\/2018\/12\/lock-free-img-100x100.png 100w\" sizes=\"(max-width: 120px) 100vw, 120px\" \/><\/figure><div class=\"elementor-image-box-content\"><h5 class=\"elementor-image-box-title\">Pago Seguro<\/h5><p class=\"elementor-image-box-description\">Tus datos y operaciones, siempre protegidos<\/p><\/div><\/div>\t\t\t\t<\/div>\n\t\t\t\t<\/div>\n\t\t\t\t\t<\/div>\n\t\t<\/div>\n\t\t\t\t\t<\/div>\n\t\t<\/section>\n\t\t\t\t<\/div>\n\t\t","protected":false},"excerpt":{"rendered":"<p>Ubicaci\u00f3n 3-6-12 CUOTAS&nbsp;FIJAS &#8211; 4 CUOTAS SIN INTERES Envio Gratis Exclusivo para Zona Urbana Chascom\u00fas Pag\u00e1 en cuotas 3 &#8211; [&hellip;]<\/p>\n","protected":false},"author":2,"featured_media":0,"parent":0,"menu_order":0,"comment_status":"closed","ping_status":"closed","template":"","meta":{"site-sidebar-layout":"no-sidebar","site-content-layout":"page-builder","ast-site-content-layout":"default","site-content-style":"default","site-sidebar-style":"default","ast-global-header-display":"","ast-banner-title-visibility":"","ast-main-header-display":"","ast-hfb-above-header-display":"","ast-hfb-below-header-display":"","ast-hfb-mobile-header-display":"","site-post-title":"","ast-breadcrumbs-content":"","ast-featured-img":"disabled","footer-sml-layout":"","ast-disable-related-posts":"","theme-transparent-header-meta":"enabled","adv-header-id-meta":"","stick-header-meta":"","header-above-stick-meta":"","header-main-stick-meta":"","header-below-stick-meta":"","astra-migrate-meta-layouts":"default","ast-page-background-enabled":"default","ast-page-background-meta":{"desktop":{"background-color":"var(--ast-global-color-4)","background-image":"","background-repeat":"repeat","background-position":"center center","background-size":"auto","background-attachment":"scroll","background-type":"","background-media":"","overlay-type":"","overlay-color":"","overlay-opacity":"","overlay-gradient":""},"tablet":{"background-color":"","background-image":"","background-repeat":"repeat","background-position":"center center","background-size":"auto","background-attachment":"scroll","background-type":"","background-media":"","overlay-type":"","overlay-color":"","overlay-opacity":"","overlay-gradient":""},"mobile":{"background-color":"","background-image":"","background-repeat":"repeat","background-position":"center center","background-size":"auto","background-attachment":"scroll","background-type":"","background-media":"","overlay-type":"","overlay-color":"","overlay-opacity":"","overlay-gradient":""}},"ast-content-background-meta":{"desktop":{"background-color":"var(--ast-global-color-5)","background-image":"","background-repeat":"repeat","background-position":"center center","background-size":"auto","background-attachment":"scroll","background-type":"","background-media":"","overlay-type":"","overlay-color":"","overlay-opacity":"","overlay-gradient":""},"tablet":{"background-color":"var(--ast-global-color-5)","background-image":"","background-repeat":"repeat","background-position":"center center","background-size":"auto","background-attachment":"scroll","background-type":"","background-media":"","overlay-type":"","overlay-color":"","overlay-opacity":"","overlay-gradient":""},"mobile":{"background-color":"var(--ast-global-color-5)","background-image":"","background-repeat":"repeat","background-position":"center center","background-size":"auto","background-attachment":"scroll","background-type":"","background-media":"","overlay-type":"","overlay-color":"","overlay-opacity":"","overlay-gradient":""}},"footnotes":""},"class_list":["post-4744","page","type-page","status-publish","hentry"],"yoast_head":"<!-- This site is optimized with the Yoast SEO Premium plugin v25.6 (Yoast SEO v25.7) - https:\/\/yoast.com\/wordpress\/plugins\/seo\/ -->\n<title>Ubicaci\u00f3n -<\/title>\n<meta name=\"robots\" content=\"index, follow, max-snippet:-1, max-image-preview:large, max-video-preview:-1\" \/>\n<link rel=\"canonical\" href=\"https:\/\/infowork.com.ar\/eshop\/ubicacion\/\" \/>\n<meta property=\"og:locale\" content=\"es_ES\" \/>\n<meta property=\"og:type\" content=\"article\" \/>\n<meta property=\"og:title\" content=\"Ubicaci\u00f3n\" \/>\n<meta property=\"og:description\" content=\"Ubicaci\u00f3n 3-6-12 CUOTAS&nbsp;FIJAS &#8211; 4 CUOTAS SIN INTERES Envio Gratis Exclusivo para Zona Urbana Chascom\u00fas Pag\u00e1 en cuotas 3 &#8211; [&hellip;]\" \/>\n<meta property=\"og:url\" content=\"https:\/\/infowork.com.ar\/eshop\/ubicacion\/\" \/>\n<meta property=\"article:publisher\" content=\"https:\/\/www.facebook.com.ar\/infowork\" \/>\n<meta property=\"article:modified_time\" content=\"2025-08-18T23:53:00+00:00\" \/>\n<meta property=\"og:image\" content=\"https:\/\/infowork.com.ar\/eshop\/wp-content\/uploads\/2021\/07\/011-delivery.png\" \/>\n\t<meta property=\"og:image:width\" content=\"128\" \/>\n\t<meta property=\"og:image:height\" content=\"128\" \/>\n\t<meta property=\"og:image:type\" content=\"image\/png\" \/>\n<meta name=\"twitter:card\" content=\"summary_large_image\" \/>\n<meta name=\"twitter:site\" content=\"@infowork_arg\" \/>\n<meta name=\"twitter:label1\" content=\"Tiempo de lectura\" \/>\n\t<meta name=\"twitter:data1\" content=\"1 minuto\" \/>\n<script type=\"application\/ld+json\" class=\"yoast-schema-graph\">{\"@context\":\"https:\/\/schema.org\",\"@graph\":[{\"@type\":\"WebPage\",\"@id\":\"https:\/\/infowork.com.ar\/eshop\/ubicacion\/\",\"url\":\"https:\/\/infowork.com.ar\/eshop\/ubicacion\/\",\"name\":\"Ubicaci\u00f3n -\",\"isPartOf\":{\"@id\":\"http:\/\/infowork.com.ar\/eshop\/#website\"},\"primaryImageOfPage\":{\"@id\":\"https:\/\/infowork.com.ar\/eshop\/ubicacion\/#primaryimage\"},\"image\":{\"@id\":\"https:\/\/infowork.com.ar\/eshop\/ubicacion\/#primaryimage\"},\"thumbnailUrl\":\"https:\/\/infowork.com.ar\/eshop\/wp-content\/uploads\/2021\/07\/011-delivery.png\",\"datePublished\":\"2021-07-29T01:35:51+00:00\",\"dateModified\":\"2025-08-18T23:53:00+00:00\",\"breadcrumb\":{\"@id\":\"https:\/\/infowork.com.ar\/eshop\/ubicacion\/#breadcrumb\"},\"inLanguage\":\"es\",\"potentialAction\":[{\"@type\":\"ReadAction\",\"target\":[\"https:\/\/infowork.com.ar\/eshop\/ubicacion\/\"]}]},{\"@type\":\"ImageObject\",\"inLanguage\":\"es\",\"@id\":\"https:\/\/infowork.com.ar\/eshop\/ubicacion\/#primaryimage\",\"url\":\"https:\/\/infowork.com.ar\/eshop\/wp-content\/uploads\/2021\/07\/011-delivery.png\",\"contentUrl\":\"https:\/\/infowork.com.ar\/eshop\/wp-content\/uploads\/2021\/07\/011-delivery.png\",\"width\":128,\"height\":128},{\"@type\":\"BreadcrumbList\",\"@id\":\"https:\/\/infowork.com.ar\/eshop\/ubicacion\/#breadcrumb\",\"itemListElement\":[{\"@type\":\"ListItem\",\"position\":1,\"name\":\"Portada\",\"item\":\"https:\/\/infowork.com.ar\/eshop\/\"},{\"@type\":\"ListItem\",\"position\":2,\"name\":\"Ubicaci\u00f3n\"}]},{\"@type\":\"WebSite\",\"@id\":\"http:\/\/infowork.com.ar\/eshop\/#website\",\"url\":\"http:\/\/infowork.com.ar\/eshop\/\",\"name\":\"INFOWORK\",\"description\":\"Tienda Inform\u00e1tica\",\"publisher\":{\"@id\":\"http:\/\/infowork.com.ar\/eshop\/#organization\"},\"potentialAction\":[{\"@type\":\"SearchAction\",\"target\":{\"@type\":\"EntryPoint\",\"urlTemplate\":\"http:\/\/infowork.com.ar\/eshop\/?s={search_term_string}\"},\"query-input\":{\"@type\":\"PropertyValueSpecification\",\"valueRequired\":true,\"valueName\":\"search_term_string\"}}],\"inLanguage\":\"es\"},{\"@type\":[\"Organization\",\"Place\"],\"@id\":\"http:\/\/infowork.com.ar\/eshop\/#organization\",\"name\":\"INFOWORK\",\"alternateName\":\"INFOWORK\",\"url\":\"http:\/\/infowork.com.ar\/eshop\/\",\"logo\":{\"@id\":\"https:\/\/infowork.com.ar\/eshop\/ubicacion\/#local-main-organization-logo\"},\"image\":{\"@id\":\"https:\/\/infowork.com.ar\/eshop\/ubicacion\/#local-main-organization-logo\"},\"sameAs\":[\"https:\/\/www.facebook.com.ar\/infowork\",\"https:\/\/x.com\/infowork_arg\",\"https:\/\/instagram.com\/infowork.arg\"],\"description\":\"Soluciones inform\u00e1ticas con honestidad, confianza y transparencia.\",\"address\":{\"@id\":\"https:\/\/infowork.com.ar\/eshop\/ubicacion\/#local-main-place-address\"},\"telephone\":[\"02241425984\"],\"openingHoursSpecification\":[{\"@type\":\"OpeningHoursSpecification\",\"dayOfWeek\":[\"Monday\",\"Tuesday\",\"Wednesday\",\"Thursday\",\"Friday\",\"Saturday\",\"Sunday\"],\"opens\":\"09:00\",\"closes\":\"17:00\"}],\"email\":\"ventas@infowork.com.ar\"},{\"@type\":\"PostalAddress\",\"@id\":\"https:\/\/infowork.com.ar\/eshop\/ubicacion\/#local-main-place-address\",\"streetAddress\":\"LIBRES DEL SUR 228\",\"addressLocality\":\"CHASCOMUS\",\"postalCode\":\"7130\",\"addressRegion\":\"BUENOS AIRES\",\"addressCountry\":\"AR\"},{\"@type\":\"ImageObject\",\"inLanguage\":\"es\",\"@id\":\"https:\/\/infowork.com.ar\/eshop\/ubicacion\/#local-main-organization-logo\",\"url\":\"https:\/\/infowork.com.ar\/eshop\/wp-content\/uploads\/cropped-Logos-2.webp\",\"contentUrl\":\"https:\/\/infowork.com.ar\/eshop\/wp-content\/uploads\/cropped-Logos-2.webp\",\"width\":162,\"height\":32,\"caption\":\"INFOWORK\"}]}<\/script>\n<meta name=\"geo.placename\" content=\"CHASCOMUS\" \/>\n<meta name=\"geo.region\" content=\"Argentina\" \/>\n<!-- \/ Yoast SEO Premium plugin. -->","yoast_head_json":{"title":"Ubicaci\u00f3n -","robots":{"index":"index","follow":"follow","max-snippet":"max-snippet:-1","max-image-preview":"max-image-preview:large","max-video-preview":"max-video-preview:-1"},"canonical":"https:\/\/infowork.com.ar\/eshop\/ubicacion\/","og_locale":"es_ES","og_type":"article","og_title":"Ubicaci\u00f3n","og_description":"Ubicaci\u00f3n 3-6-12 CUOTAS&nbsp;FIJAS &#8211; 4 CUOTAS SIN INTERES Envio Gratis Exclusivo para Zona Urbana Chascom\u00fas Pag\u00e1 en cuotas 3 &#8211; [&hellip;]","og_url":"https:\/\/infowork.com.ar\/eshop\/ubicacion\/","article_publisher":"https:\/\/www.facebook.com.ar\/infowork","article_modified_time":"2025-08-18T23:53:00+00:00","og_image":[{"width":128,"height":128,"url":"https:\/\/infowork.com.ar\/eshop\/wp-content\/uploads\/2021\/07\/011-delivery.png","type":"image\/png"}],"twitter_card":"summary_large_image","twitter_site":"@infowork_arg","twitter_misc":{"Tiempo de lectura":"1 minuto"},"schema":{"@context":"https:\/\/schema.org","@graph":[{"@type":"WebPage","@id":"https:\/\/infowork.com.ar\/eshop\/ubicacion\/","url":"https:\/\/infowork.com.ar\/eshop\/ubicacion\/","name":"Ubicaci\u00f3n -","isPartOf":{"@id":"http:\/\/infowork.com.ar\/eshop\/#website"},"primaryImageOfPage":{"@id":"https:\/\/infowork.com.ar\/eshop\/ubicacion\/#primaryimage"},"image":{"@id":"https:\/\/infowork.com.ar\/eshop\/ubicacion\/#primaryimage"},"thumbnailUrl":"https:\/\/infowork.com.ar\/eshop\/wp-content\/uploads\/2021\/07\/011-delivery.png","datePublished":"2021-07-29T01:35:51+00:00","dateModified":"2025-08-18T23:53:00+00:00","breadcrumb":{"@id":"https:\/\/infowork.com.ar\/eshop\/ubicacion\/#breadcrumb"},"inLanguage":"es","potentialAction":[{"@type":"ReadAction","target":["https:\/\/infowork.com.ar\/eshop\/ubicacion\/"]}]},{"@type":"ImageObject","inLanguage":"es","@id":"https:\/\/infowork.com.ar\/eshop\/ubicacion\/#primaryimage","url":"https:\/\/infowork.com.ar\/eshop\/wp-content\/uploads\/2021\/07\/011-delivery.png","contentUrl":"https:\/\/infowork.com.ar\/eshop\/wp-content\/uploads\/2021\/07\/011-delivery.png","width":128,"height":128},{"@type":"BreadcrumbList","@id":"https:\/\/infowork.com.ar\/eshop\/ubicacion\/#breadcrumb","itemListElement":[{"@type":"ListItem","position":1,"name":"Portada","item":"https:\/\/infowork.com.ar\/eshop\/"},{"@type":"ListItem","position":2,"name":"Ubicaci\u00f3n"}]},{"@type":"WebSite","@id":"http:\/\/infowork.com.ar\/eshop\/#website","url":"http:\/\/infowork.com.ar\/eshop\/","name":"INFOWORK","description":"Tienda Inform\u00e1tica","publisher":{"@id":"http:\/\/infowork.com.ar\/eshop\/#organization"},"potentialAction":[{"@type":"SearchAction","target":{"@type":"EntryPoint","urlTemplate":"http:\/\/infowork.com.ar\/eshop\/?s={search_term_string}"},"query-input":{"@type":"PropertyValueSpecification","valueRequired":true,"valueName":"search_term_string"}}],"inLanguage":"es"},{"@type":["Organization","Place"],"@id":"http:\/\/infowork.com.ar\/eshop\/#organization","name":"INFOWORK","alternateName":"INFOWORK","url":"http:\/\/infowork.com.ar\/eshop\/","logo":{"@id":"https:\/\/infowork.com.ar\/eshop\/ubicacion\/#local-main-organization-logo"},"image":{"@id":"https:\/\/infowork.com.ar\/eshop\/ubicacion\/#local-main-organization-logo"},"sameAs":["https:\/\/www.facebook.com.ar\/infowork","https:\/\/x.com\/infowork_arg","https:\/\/instagram.com\/infowork.arg"],"description":"Soluciones inform\u00e1ticas con honestidad, confianza y transparencia.","address":{"@id":"https:\/\/infowork.com.ar\/eshop\/ubicacion\/#local-main-place-address"},"telephone":["02241425984"],"openingHoursSpecification":[{"@type":"OpeningHoursSpecification","dayOfWeek":["Monday","Tuesday","Wednesday","Thursday","Friday","Saturday","Sunday"],"opens":"09:00","closes":"17:00"}],"email":"ventas@infowork.com.ar"},{"@type":"PostalAddress","@id":"https:\/\/infowork.com.ar\/eshop\/ubicacion\/#local-main-place-address","streetAddress":"LIBRES DEL SUR 228","addressLocality":"CHASCOMUS","postalCode":"7130","addressRegion":"BUENOS AIRES","addressCountry":"AR"},{"@type":"ImageObject","inLanguage":"es","@id":"https:\/\/infowork.com.ar\/eshop\/ubicacion\/#local-main-organization-logo","url":"https:\/\/infowork.com.ar\/eshop\/wp-content\/uploads\/cropped-Logos-2.webp","contentUrl":"https:\/\/infowork.com.ar\/eshop\/wp-content\/uploads\/cropped-Logos-2.webp","width":162,"height":32,"caption":"INFOWORK"}]},"geo.placename":"CHASCOMUS","geo.region":"Argentina"},"_links":{"self":[{"href":"https:\/\/infowork.com.ar\/eshop\/wp-json\/wp\/v2\/pages\/4744","targetHints":{"allow":["GET"]}}],"collection":[{"href":"https:\/\/infowork.com.ar\/eshop\/wp-json\/wp\/v2\/pages"}],"about":[{"href":"https:\/\/infowork.com.ar\/eshop\/wp-json\/wp\/v2\/types\/page"}],"author":[{"embeddable":true,"href":"https:\/\/infowork.com.ar\/eshop\/wp-json\/wp\/v2\/users\/2"}],"replies":[{"embeddable":true,"href":"https:\/\/infowork.com.ar\/eshop\/wp-json\/wp\/v2\/comments?post=4744"}],"version-history":[{"count":0,"href":"https:\/\/infowork.com.ar\/eshop\/wp-json\/wp\/v2\/pages\/4744\/revisions"}],"wp:attachment":[{"href":"https:\/\/infowork.com.ar\/eshop\/wp-json\/wp\/v2\/media?parent=4744"}],"curies":[{"name":"wp","href":"https:\/\/api.w.org\/{rel}","templated":true}]}}